{"id":40799,"date":"2022-01-25T11:22:49","date_gmt":"2022-01-25T11:22:49","guid":{"rendered":"https:\/\/plateformeducourtage.fr\/?page_id=40799"},"modified":"2022-02-04T17:05:56","modified_gmt":"2022-02-04T17:05:56","slug":"politique-de-confidentialite","status":"publish","type":"page","link":"https:\/\/plateformeducourtage.fr\/?page_id=40799","title":{"rendered":"Politique de confidentialit\u00e9"},"content":{"rendered":"\t\t<div data-elementor-type=\"wp-page\" data-elementor-id=\"40799\" class=\"elementor elementor-40799\" data-elementor-settings=\"[]\">\n\t\t\t\t\t\t\t<div class=\"elementor-section-wrap\">\n\t\t\t\t\t\t\t<section class=\"elementor-section elementor-top-section elementor-element elementor-element-e957901 elementor-section-boxed elementor-section-height-default elementor-section-height-default\" data-id=\"e957901\" data-element_type=\"section\">\n\t\t\t\t\t\t<div class=\"elementor-container elementor-column-gap-default\">\n\t\t\t\t\t<div class=\"elementor-column elementor-col-100 elementor-top-column elementor-element elementor-element-b2f441a\" data-id=\"b2f441a\" data-element_type=\"column\">\n\t\t\t<div class=\"elementor-widget-wrap elementor-element-populated\">\n\t\t\t\t\t\t\t\t<div class=\"elementor-element elementor-element-1ce21f1 elementor-widget elementor-widget-heading\" data-id=\"1ce21f1\" data-element_type=\"widget\" data-widget_type=\"heading.default\">\n\t\t\t\t<div class=\"elementor-widget-container\">\n\t\t\t<h2 class=\"elementor-heading-title elementor-size-default\">Politique de confidentialit\u00e9<\/h2>\t\t<\/div>\n\t\t\t\t<\/div>\n\t\t\t\t<div class=\"elementor-element elementor-element-195b2bf elementor-widget elementor-widget-heading\" data-id=\"195b2bf\" data-element_type=\"widget\" data-widget_type=\"heading.default\">\n\t\t\t\t<div class=\"elementor-widget-container\">\n\t\t\t<h2 class=\"elementor-heading-title elementor-size-default\">4 f\u00e9vrier 2022<\/h2>\t\t<\/div>\n\t\t\t\t<\/div>\n\t\t\t\t\t<\/div>\n\t\t<\/div>\n\t\t\t\t\t\t\t<\/div>\n\t\t<\/section>\n\t\t\t\t<section class=\"elementor-section elementor-top-section elementor-element elementor-element-53bc19b elementor-section-boxed elementor-section-height-default elementor-section-height-default\" data-id=\"53bc19b\" data-element_type=\"section\">\n\t\t\t\t\t\t<div class=\"elementor-container elementor-column-gap-default\">\n\t\t\t\t\t<div class=\"elementor-column elementor-col-100 elementor-top-column elementor-element elementor-element-4d3344a\" data-id=\"4d3344a\" data-element_type=\"column\">\n\t\t\t<div class=\"elementor-widget-wrap elementor-element-populated\">\n\t\t\t\t\t\t\t\t<div class=\"elementor-element elementor-element-11a0f61 elementor-widget elementor-widget-text-editor\" data-id=\"11a0f61\" data-element_type=\"widget\" data-widget_type=\"text-editor.default\">\n\t\t\t\t<div class=\"elementor-widget-container\">\n\t\t\t\t\t\t\t<p>Cette politique de confidentialit\u00e9 a pour objet de vous informer en toute transparence sur les donn\u00e9es que nous collectons, sur les finalit\u00e9s du traitement effectu\u00e9 et sur les droits qui vous sont conf\u00e9r\u00e9s.<\/p>\n<p>LA PLATEFORME DU COURTAGE respecte votre droit \u00e0 la vie priv\u00e9e et s\u2019engage \u00e0 prot\u00e9ger vos donn\u00e9es personnelles en mettant en place des mesures techniques et organisationnelles appropri\u00e9es.<\/p>\n<p>Afin de pr\u00e9server la confidentialit\u00e9 et l\u2019int\u00e9grit\u00e9 de vos donn\u00e9es personnelles, nous utilisons un protocole de transfert hypertexte s\u00e9curis\u00e9 (adresse https) au moment de leur collecte.<\/p>\n<p>&nbsp;<\/p>\n<p><b>La collecte de vos donn\u00e9es personnelles<\/b><\/p>\n<p>&nbsp;<\/p>\n<p>Vos donn\u00e9es personnelles recueillies sont utilis\u00e9es dans le cadre de notre relation contractuelle et commerciale et nous permettent de remplir nos obligations l\u00e9gales. \u00c0 ce titre, nous vous informons que vos donn\u00e9es et, le cas \u00e9ch\u00e9ant, celles de vos enfants mineurs, font l\u2019objet d\u2019un traitement informatique destin\u00e9 aux finalit\u00e9s suivantes :<\/p>\n<ul>\n<li>La passation, la gestion et l\u2019ex\u00e9cution des contrats d\u2019assurance<\/li>\n<li>L\u2019ex\u00e9cution des dispositions l\u00e9gales, r\u00e9glementaires et administratives en vigueur<\/li>\n<li>La lutte anti-blanchiment et contre le financement du terrorisme<\/li>\n<li>La mise en place de pr\u00e9l\u00e8vements ou virements bancaires<\/li>\n<li>Les op\u00e9rations relatives \u00e0 la gestion et \u00e0 la prospection commerciales des clients<\/li>\n<li>La r\u00e9alisation d\u2019\u00e9tudes statistiques<\/li>\n<\/ul>\n<p>Nos mesures de s\u00e9curit\u00e9 sont renforc\u00e9es lors du traitement de donn\u00e9es sensibles telles que les donn\u00e9es de sant\u00e9<\/p>\n<p>&nbsp;<\/p>\n<p style=\"line-height: var(--wp--typography--line-height, var(--global--line-height-body));\"><span style=\"font-weight: bold;\">Les destinataires de vos donn\u00e9es personnelles<\/span><\/p>\n<p>&nbsp;<\/p>\n<p>Les destinataires de vos donn\u00e9es sont les assureurs, les interm\u00e9diaires d\u2019assurance, et \u00e9ventuellement les sous-traitants, qui interviennent dans le cadre de la passation, la gestion et l\u2019ex\u00e9cution du contrat. Elles sont \u00e9galement susceptibles d\u2019\u00eatre trait\u00e9es par des prestataires, des experts, avocats, huissiers, auxiliaires de justice et officiers minist\u00e9riels, curateurs, tuteurs, enqu\u00eateurs, professionnels de sant\u00e9, m\u00e9decins-conseils, et s\u2019il y a lieu les organismes d\u2019assurance ou les organismes sociaux des personnes impliqu\u00e9es ainsi que les personnes int\u00e9ress\u00e9es au contrat.<\/p>\n<p>Ces destinataires peuvent se situer en dehors de l\u2019Union Europ\u00e9enne.<\/p>\n<p>En cas de transfert de vos donn\u00e9es personnelles en dehors de l\u2019Union europ\u00e9enne, LA PLATEFORME DU COURTAGE met en place les garanties appropri\u00e9es pour assurer la protection des donn\u00e9es personnelles. Si vous souhaitez obtenir des informations sur ces garanties, veuillez adresser votre demande \u00e0 LA PLATEFORME DU COURTAGE, \u00e0 l\u2019attention du DPO, BP 83, 92\/98 boulevard Victor Hugo 92115 Clichy Cedex.<\/p>\n<p>&nbsp;<\/p>\n<p style=\"line-height: var(--wp--typography--line-height, var(--global--line-height-body));\"><span style=\"font-weight: bold;\">La dur\u00e9e de conservation de vos donn\u00e9es personnelles<\/span><\/p>\n<p>&nbsp;<\/p>\n<p>La dur\u00e9e de conservation de vos donn\u00e9es personnelles correspond \u00e0 la dur\u00e9e de mise en \u0153uvre des finalit\u00e9s.<\/p>\n<p>Nous conservons vos donn\u00e9es personnelles pour une dur\u00e9e de 10 ans \u00e0 compter du terme du contrat. En l\u2019absence de conclusion d\u2019un contrat ou dans le cadre de la prospection commerciale, les donn\u00e9es peuvent \u00eatre conserv\u00e9es pendant un d\u00e9lai de 3 ans \u00e0 compter du dernier contact.<\/p>\n<p>Les donn\u00e9es relatives aux cartes bancaires ne peuvent \u00eatre conserv\u00e9es que le temps de la r\u00e9alisation de l\u2019op\u00e9ration de paiement.<\/p>\n<p style=\"line-height: var(--wp--typography--line-height, var(--global--line-height-body));\">Vous pouvez demander l\u2019ensemble des dur\u00e9es de conservation des donn\u00e9es trait\u00e9es \u00e0 l\u2019adresse&nbsp;: dpo@finare.fr<\/p>\n<p style=\"line-height: var(--wp--typography--line-height, var(--global--line-height-body));\">\n<\/p><p style=\"line-height: var(--wp--typography--line-height, var(--global--line-height-body));\">\n<\/p><p style=\"line-height: var(--wp--typography--line-height, var(--global--line-height-body));\"><span style=\"font-weight: bold;\"><br><\/span><\/p><p style=\"line-height: var(--wp--typography--line-height, var(--global--line-height-body));\"><span style=\"font-weight: bold;\">La formation et sensibilisation des collaborateurs<\/span><\/p>\n<p><br><\/p><p>Tous les salari\u00e9s et les intervenants au sein de LA PLATEFORME DU COURTAGE re\u00e7oivent une formation de sensibilisation \u00e0 la loi Informatique et Libert\u00e9s et au R\u00e8glement G\u00e9n\u00e9ral sur la Protection des Donn\u00e9es.<\/p>\n<p>Ils signent \u00e9galement un engagement de confidentialit\u00e9 visant \u00e0 faire respecter la r\u00e9glementation en mati\u00e8re de protection des donn\u00e9es personnelles.<\/p>\n<p>&nbsp;<\/p>\n<p><span style=\"font-weight: bold;\">L&rsquo;utilisation des cookies<\/span><\/p>\n<p><br><\/p><p>Le cookie est un terme qui couvre l\u2019ensemble des traceurs d\u00e9pos\u00e9s et\/ou lus, par exemple, lors de la consultation d\u2019un site internet, de la lecture d\u2019un courrier \u00e9lectronique, de l\u2019installation ou de l\u2019utilisation d\u2019un logiciel ou d\u2019une application mobile.<\/p>\n<p>Il permet d\u2019am\u00e9liorer les fonctionnalit\u00e9s du site et de proposer une meilleure exp\u00e9rience de navigation aux utilisateurs. Il nous permet \u00e9galement de mieux comprendre vos attentes et de vous proposer des services personnalis\u00e9s.<\/p>\n<p>Lors de votre navigation, vous avez la possibilit\u00e9 de refuser leur utilisation en cliquant sur le bandeau pr\u00e9vu \u00e0 cet effet.<\/p>\n<p>Votre consentement a une dur\u00e9e de validit\u00e9 de 13 mois maximum.<\/p>\n<p>&nbsp;<\/p>\n<p><span style=\"font-weight: bold;\">L&rsquo;exercice de vos droits pour la protection de vos donn\u00e9es personnelles<\/span><\/p>\n<p><span style=\"font-weight: bold;\">&nbsp;<\/span><\/p>\n<p>Conform\u00e9ment \u00e0 la loi \u00ab informatique et libert\u00e9s \u00bb n\u00b078-17 du 6 janvier 1978 modifi\u00e9e, vous b\u00e9n\u00e9ficiez d\u2019un droit d\u2019acc\u00e8s, de limitation du traitement, de portabilit\u00e9, de rectification, de suppression et d\u2019opposition. Vous pouvez \u00e9galement \u00e9tablir des directives sur le sort de vos donn\u00e9es apr\u00e8s le d\u00e9c\u00e8s.<\/p>\n<p><strong>Si vous souhaitez exercer vos droits, vous pouvez adresser votre demande accompagn\u00e9e d\u2019une copie de votre pi\u00e8ce d\u2019identit\u00e9 \u00e0 l\u2019adresse suivante&nbsp;: LA PLATEFORME DU COURTAGE, \u00e0 l\u2019attention du DPO, 92\/98 boulevard Victor Hugo 92115 Clichy Cedex<\/strong><\/p>\n<ul>\n<li>Droits d\u2019acc\u00e8s et de rectification : vous pouvez demander l\u2019acc\u00e8s \u00e0 vos donn\u00e9es personnelles et \u00e0 leur rectification.<\/li>\n<li>Droit \u00e0 l\u2019effacement : lorsque la dur\u00e9e de conservation de vos donn\u00e9es personnelles est \u00e9coul\u00e9e, vous pouvez demander leur effacement.<\/li>\n<li>Droit \u00e0 la limitation du traitement&nbsp;: vous pouvez geler temporairement l\u2019utilisation de certaines de vos donn\u00e9es personnelles.<\/li>\n<li>Droit \u00e0 la portabilit\u00e9 de vos donn\u00e9es : \u00e0 tout moment, vous pouvez demander une copie des donn\u00e9es que nous avons collect\u00e9es, pour l\u2019ex\u00e9cution de votre contrat ou avec votre consentement, pour votre usage personnel ou pour les transmettre \u00e0 un tiers de votre choix.<\/li>\n<li>Droit de retirer votre consentement : vous avez le droit de retirer votre consentement \u00e0 tout moment, notamment pour la prospection commerciale.<\/li>\n<li>Droit d\u2019opposition : lorsque vos donn\u00e9es personnelles ne sont pas n\u00e9cessaires ou ne sont plus n\u00e9cessaires dans notre relation contractuelle, vous pouvez demander \u00e0 ce qu\u2019elles ne fassent plus l\u2019objet de traitement.<\/li>\n<li>Droit d\u2019\u00e9tablir des directives visant \u00e0 organiser le sort des donn\u00e9es apr\u00e8s le d\u00e9c\u00e8s.<\/li>\n<\/ul>\n<p><span style=\"font-weight: bold;\">&nbsp;<\/span><\/p><p><span style=\"font-weight: bold;\">En cas de r\u00e9clamation<\/span><\/p>\n<p><span style=\"font-weight: bold;\">&nbsp;<\/span><\/p>\n<p>Vous avez la facult\u00e9 d\u2019introduire une r\u00e9clamation&nbsp;:<\/p>\n<ul>\n<li>En adressant un courrier \u00e0 La Plateforme Du Courtage, \u00e0 l\u2019attention du DPO, 92\/98 boulevard Victor Hugo, 92110 Clichy.<\/li>\n<li>Sur le site de la CNIL en remplissant un formulaire de plainte en ligne ou par courrier postal en \u00e9crivant \u00e0 : CNIL \u2013 3 Place de Fontenoy \u2013 TSA 80715 \u2013 75334 PARIS CEDEX 07<\/li>\n<\/ul>\n<p>&nbsp;<\/p>\n<p style=\"line-height: var(--wp--typography--line-height, var(--global--line-height-body));\">\n<\/p><p style=\"line-height: var(--wp--typography--line-height, var(--global--line-height-body));\">\n<\/p><p style=\"line-height: var(--wp--typography--line-height, var(--global--line-height-body));\">\n<\/p><p style=\"line-height: var(--wp--typography--line-height, var(--global--line-height-body));\">\n<\/p>\t\t\t\t\t\t<\/div>\n\t\t\t\t<\/div>\n\t\t\t\t\t<\/div>\n\t\t<\/div>\n\t\t\t\t\t\t\t<\/div>\n\t\t<\/section>\n\t\t\t\t\t\t<\/div>\n\t\t\t\t\t<\/div>\n\t\t","protected":false},"excerpt":{"rendered":"<p>Politique de confidentialit\u00e9 4 f\u00e9vrier 2022 Cette politique de confidentialit\u00e9 a pour objet de vous informer en toute transparence sur les donn\u00e9es que nous collectons, sur les finalit\u00e9s du traitement effectu\u00e9 et sur les droits qui vous sont conf\u00e9r\u00e9s. LA PLATEFORME DU COURTAGE respecte votre droit \u00e0 la vie priv\u00e9e et s\u2019engage \u00e0 prot\u00e9ger vos&hellip; <a class=\"more-link\" href=\"https:\/\/plateformeducourtage.fr\/?page_id=40799\">Poursuivre la lecture <span class=\"screen-reader-text\">Politique de confidentialit\u00e9<\/span><\/a><\/p>\n","protected":false},"author":2,"featured_media":0,"parent":0,"menu_order":0,"comment_status":"closed","ping_status":"closed","template":"elementor_header_footer","meta":{"content-type":"","footnotes":""},"class_list":["post-40799","page","type-page","status-publish","hentry","entry"],"blog_post_layout_featured_media_urls":{"thumbnail":"","full":""},"categories_names":null,"comments_number":"0","_links":{"self":[{"href":"https:\/\/plateformeducourtage.fr\/index.php?rest_route=\/wp\/v2\/pages\/40799","targetHints":{"allow":["GET"]}}],"collection":[{"href":"https:\/\/plateformeducourtage.fr\/index.php?rest_route=\/wp\/v2\/pages"}],"about":[{"href":"https:\/\/plateformeducourtage.fr\/index.php?rest_route=\/wp\/v2\/types\/page"}],"author":[{"embeddable":true,"href":"https:\/\/plateformeducourtage.fr\/index.php?rest_route=\/wp\/v2\/users\/2"}],"replies":[{"embeddable":true,"href":"https:\/\/plateformeducourtage.fr\/index.php?rest_route=%2Fwp%2Fv2%2Fcomments&post=40799"}],"version-history":[{"count":19,"href":"https:\/\/plateformeducourtage.fr\/index.php?rest_route=\/wp\/v2\/pages\/40799\/revisions"}],"predecessor-version":[{"id":41353,"href":"https:\/\/plateformeducourtage.fr\/index.php?rest_route=\/wp\/v2\/pages\/40799\/revisions\/41353"}],"wp:attachment":[{"href":"https:\/\/plateformeducourtage.fr\/index.php?rest_route=%2Fwp%2Fv2%2Fmedia&parent=40799"}],"curies":[{"name":"wp","href":"https:\/\/api.w.org\/{rel}","templated":true}]}}